{"id":906,"date":"2023-07-19T11:04:52","date_gmt":"2023-07-19T10:04:52","guid":{"rendered":"http:\/\/forentage.de\/?page_id=906"},"modified":"2023-08-11T12:53:22","modified_gmt":"2023-08-11T11:53:22","slug":"community-abend","status":"publish","type":"page","link":"https:\/\/forentage.de\/?page_id=906","title":{"rendered":"Community-Abend 2023"},"content":{"rendered":"<p>[vc_row][vc_column width=&#8220;2\/3&#8243;][vc_column_text]<\/p>\n<h3>Community Abend<\/h3>\n<p>[\/vc_column_text][vc_column_text]Der \u201eCommunity-Abend\u201c am Freitag, den 13.10.2023 ist ein legeres Zusammenkommen. Wir alle kennen uns aus den Online-Foren, haben miteinander diskutiert, gefachsimpelt und oft auch gelacht. Der Community-Abend ist die ideale Gelegenheit, das Gespr\u00e4ch von Angesicht zu Angesicht fortzuf\u00fchren.[\/vc_column_text][vc_column_text]<strong><span class=\"TextRun Highlight SCXW168140179 BCX0\" lang=\"DE-DE\" xml:lang=\"DE-DE\" data-contrast=\"none\"><span class=\"NormalTextRun SCXW168140179 BCX0\">Und das haben wir gefunden:<\/span><\/span><span class=\"TextRun SCXW168140179 BCX0\" lang=\"DE-DE\" xml:lang=\"DE-DE\" data-contrast=\"none\"><span class=\"NormalTextRun SCXW168140179 BCX0\">\u00a0<\/span><\/span><\/strong><\/p>\n<p>Wir werden den Abend im &#8222;Shamrock&#8220; Irish Pub verbringen und uns an Gespr\u00e4chen, Essen und Getr\u00e4nken mit einer gro\u00dfen Bierauswahl erfreuen.<\/p>\n<p>Im Preis inbegriffen sind Speisen und Getr\u00e4nke <span class=\"ui-provider bdb bdc c d e f g h i j k l m n o p q r s t bdd bde w x y z ab ac ae af ag ah ai aj ak\" dir=\"ltr\">bis 21:30 Uhr <\/span>(Softdrinks \/ Bier \/ Hauswein).<\/p>\n<p>Wir haben einen separaten Raum reserviert, der uns allerdings auch ein Platzlimit setzt. Doch erfahrungsgem\u00e4\u00df kommen ja nicht alle Teilnehmer der Foren-Tage auch zum Community Abend.<br \/>\nTrotzdem; schnell anmelden kann sich lohnen.<\/p>\n<p><span class=\"ui-provider bdb bdc c d e f g h i j k l m n o p q r s t bdd bde w x y z ab ac ae af ag ah ai aj ak\" dir=\"ltr\"><strong>Beginn ist um 18:00 Uhr <\/strong>und wer m\u00f6chte, kann anschlie\u00dfend ab 22:00 Uhr zur Live Musik auf der Shamrock B\u00fchne wechseln und den Abend dort ausklingen lassen. F\u00fcr uns ist der Eintritt zur Musik frei, <strong>der Verzehr<\/strong> geht ab dann auf eigene Kosten.<\/span><\/p>\n<p><span class=\"TextRun SCXW204277386 BCX0\" lang=\"DE-DE\" xml:lang=\"DE-DE\" data-contrast=\"none\"><span class=\"NormalTextRun SCXW204277386 BCX0\">Damit wir den Abend zu einem <\/span><\/span><span class=\"TextRun Highlight SCXW204277386 BCX0\" lang=\"DE-DE\" xml:lang=\"DE-DE\" data-contrast=\"none\"><span class=\"NormalTextRun SCXW204277386 BCX0\">fairen<\/span><\/span><span class=\"TextRun SCXW204277386 BCX0\" lang=\"DE-DE\" xml:lang=\"DE-DE\" data-contrast=\"none\"><span class=\"NormalTextRun SCXW204277386 BCX0\"> Preis anbieten k\u00f6nnen, <\/span><\/span><span class=\"TextRun Highlight SCXW204277386 BCX0\" lang=\"DE-DE\" xml:lang=\"DE-DE\" data-contrast=\"none\"><span class=\"NormalTextRun SCXW204277386 BCX0\">unterst\u00fctzt uns auch in diesem Jahr wieder dankenswerterweise Bruno Fierens von <\/span><\/span><strong><a href=\"https:\/\/www.tmssoftware.com\/\" target=\"_blank\" rel=\"noopener\"><span class=\"TextRun Highlight SCXW204277386 BCX0\" lang=\"DE-DE\" xml:lang=\"DE-DE\" data-contrast=\"none\"><span class=\"NormalTextRun SCXW204277386 BCX0\">TMS-Software<\/span><\/span><\/a><\/strong><span class=\"TextRun Highlight SCXW204277386 BCX0\" lang=\"DE-DE\" xml:lang=\"DE-DE\" data-contrast=\"none\"><span class=\"NormalTextRun SCXW204277386 BCX0\"> als gro\u00dfz\u00fcgiger Sponsor.<\/span><\/span><span class=\"TextRun SCXW204277386 BCX0\" lang=\"DE-DE\" xml:lang=\"DE-DE\" data-contrast=\"none\"><span class=\"NormalTextRun SCXW204277386 BCX0\">\u00a0<\/span><\/span><span class=\"EOP SCXW204277386 BCX0\" data-ccp-props=\"{&quot;201341983&quot;:0,&quot;335559739&quot;:160,&quot;335559740&quot;:240}\">\u00a0<\/span>[\/vc_column_text][vc_cta h2=&#8220;&#8220; add_button=&#8220;right&#8220; btn_title=&#8220;Tickets kaufen&#8220; btn_color=&#8220;warning&#8220; btn_link=&#8220;url:https%3A%2F%2Feventfrog.de%2Fcommunityabend||target:%20_blank|&#8220;]<em>Fr\u00fchzeitiges reservieren ist ratsam und der vorherige Kauf eines Tickets ist absolute Pflicht!<\/em><\/p>\n<p>Eintrittspreis: 25,- EUR<br \/>\n(Preis\u00a0inkl. gesetzlicher MwSt.)[\/vc_cta][\/vc_column][vc_column width=&#8220;1\/3&#8243;][vc_column_text]<strong>Lage und Anfahrt<\/strong><\/p>\n<p><strong>The Shamrock Irish Pub<\/strong><br \/>\nFriedrich-Ebert-Stra\u00dfe 24<br \/>\n34117 Kassel | Germany[\/vc_column_text][vc_gmaps link=&#8220;#E-8_JTNDaWZyYW1lJTIwc3JjJTNEJTIyaHR0cHMlM0ElMkYlMkZ3d3cuZ29vZ2xlLmNvbSUyRm1hcHMlMkZlbWJlZCUzRnBiJTNEJTIxMW0xNCUyMTFtOCUyMTFtMyUyMTFkOTk3NS4xODI3Nzg2Njc5NiUyMTJkOS40ODY1MTQlMjEzZDUxLjMxNDg4MyUyMTNtMiUyMTFpMTAyNCUyMTJpNzY4JTIxNGYxMy4xJTIxM20zJTIxMW0yJTIxMXMweDQ3YmIzZjRlY2I2ZjY5ZjklMjUzQTB4ZDQyYWYxYTUwMDY0Zjc2MCUyMTJzVGhlJTI1MjBTaGFtcm9jayUyNTIwLSUyNTIwSXJpc2glMjUyMFB1YiUyNTIwS2Fzc2VsJTIxNWUwJTIxM20yJTIxMXNkZSUyMTJzZGUlMjE0djE2ODk3NTkzMDMyMTYlMjE1bTIlMjExc2RlJTIxMnNkZSUyMiUyMHdpZHRoJTNEJTIyNjAwJTIyJTIwaGVpZ2h0JTNEJTIyNDUwJTIyJTIwc3R5bGUlM0QlMjJib3JkZXIlM0EwJTNCJTIyJTIwYWxsb3dmdWxsc2NyZWVuJTNEJTIyJTIyJTIwbG9hZGluZyUzRCUyMmxhenklMjIlMjByZWZlcnJlcnBvbGljeSUzRCUyMm5vLXJlZmVycmVyLXdoZW4tZG93bmdyYWRlJTIyJTNFJTNDJTJGaWZyYW1lJTNF&#8220;][\/vc_column][\/vc_row]<\/p>\n","protected":false},"excerpt":{"rendered":"<p>[vc_row][vc_column width=&#8220;2\/3&#8243;][vc_column_text] Community Abend [\/vc_column_text][vc_column_text]Der \u201eCommunity-Abend\u201c am Freitag, den 13.10.2023 ist ein legeres Zusammenkommen. Wir alle kennen uns aus den Online-Foren, haben miteinander diskutiert, gefachsimpelt und oft auch gelacht. Der Community-Abend ist die ideale Gelegenheit, das Gespr\u00e4ch von Angesicht zu Angesicht fortzuf\u00fchren.[\/vc_column_text][vc_column_text]Und das haben wir gefunden:\u00a0 Wir werden den Abend im &#8222;Shamrock&#8220; Irish Pub verbringen [&hellip;]<\/p>\n","protected":false},"author":3,"featured_media":0,"parent":1083,"menu_order":0,"comment_status":"closed","ping_status":"closed","template":"","meta":{"_ti_tpc_template_sync":false,"_ti_tpc_template_id":""},"_links":{"self":[{"href":"https:\/\/forentage.de\/index.php?rest_route=\/wp\/v2\/pages\/906"}],"collection":[{"href":"https:\/\/forentage.de\/index.php?rest_route=\/wp\/v2\/pages"}],"about":[{"href":"https:\/\/forentage.de\/index.php?rest_route=\/wp\/v2\/types\/page"}],"author":[{"embeddable":true,"href":"https:\/\/forentage.de\/index.php?rest_route=\/wp\/v2\/users\/3"}],"replies":[{"embeddable":true,"href":"https:\/\/forentage.de\/index.php?rest_route=%2Fwp%2Fv2%2Fcomments&post=906"}],"version-history":[{"count":42,"href":"https:\/\/forentage.de\/index.php?rest_route=\/wp\/v2\/pages\/906\/revisions"}],"predecessor-version":[{"id":1607,"href":"https:\/\/forentage.de\/index.php?rest_route=\/wp\/v2\/pages\/906\/revisions\/1607"}],"up":[{"embeddable":true,"href":"https:\/\/forentage.de\/index.php?rest_route=\/wp\/v2\/pages\/1083"}],"wp:attachment":[{"href":"https:\/\/forentage.de\/index.php?rest_route=%2Fwp%2Fv2%2Fmedia&parent=906"}],"curies":[{"name":"wp","href":"https:\/\/api.w.org\/{rel}","templated":true}]}}