{"id":812,"date":"2019-07-01T19:27:05","date_gmt":"2019-07-01T18:27:05","guid":{"rendered":"http:\/\/forentage.de\/?page_id=812"},"modified":"2023-10-10T13:31:39","modified_gmt":"2023-10-10T12:31:39","slug":"sponsoren","status":"publish","type":"page","link":"https:\/\/forentage.de\/?page_id=812","title":{"rendered":"Sponsoren 2023"},"content":{"rendered":"<p>[vc_row][vc_column][vc_column_text]<\/p>\n<h3>Unsere Sponsoren<\/h3>\n<p>Die Foren-Tage sind eine Community-Veranstaltung, die ohne Sponsoren nicht realisierbar w\u00e4re. Aus diesem Grund freuen wir uns besonders \u00fcber die unkomplizierte und gro\u00dfz\u00fcgige Unterst\u00fctzung. Wie bereits in den Vorjahren unterst\u00fctzt <strong>TMS Software den Community Abend.<\/strong><\/p>\n<p>Die Firma <strong>Friedemann H\u00e4hnel GmbH<\/strong> erm\u00f6glicht durch Ihr Sponsoring die <strong>verg\u00fcnstigten Sch\u00fcler und Studententickets<\/strong>.<\/p>\n<p>IB Experts zeigt vor Ort das GUI-Tool f\u00fcr Firebird und InterBase.<\/p>\n<p>Gerne freuen wir uns \u00fcber die Unterst\u00fctzung weiterer Sponsoren. Anfragen hierzu bitte an <a href=\"mailto:sabine.rothe@embarcadero.com\">Sabine Rothe<\/a>.[\/vc_column_text][\/vc_column][\/vc_row][vc_row css=&#8220;.vc_custom_1691412191905{background-color: #f7f7f7 !important;}&#8220;][vc_column width=&#8220;1\/6&#8243;][vc_single_image image=&#8220;1263&#8243; img_size=&#8220;medium&#8220; alignment=&#8220;center&#8220; style=&#8220;vc_box_rounded&#8220; onclick=&#8220;custom_link&#8220; img_link_target=&#8220;_blank&#8220; link=&#8220;https:\/\/www.embarcadero.com\/de\/&#8220;][\/vc_column][vc_column width=&#8220;5\/6&#8243;][vc_column_text]<span style=\"font-weight: 300;\">Embarcadero entwickelt Tools, die Produktivit\u00e4tsprobleme f\u00fcr Software-Entwickler l\u00f6sen. Die Produkte des Unternehmens bieten Benutzern die M\u00f6glichkeit, aus einer einzigen Codebasis Anwendungen f\u00fcr alle Plattformen zu entwerfen, zu erstellen und auszuf\u00fchren. 90 der Fortune-100-Firmen und eine Community von weltweit mehr als drei Millionen Benutzern von C++ und Delphi vertrauen auf die preisgekr\u00f6nten Produkte von Embarcadero f\u00fcr das Erstellen zentraler Unternehmensanwendungen.<br \/>\n<\/span>Mehr Informationen: <a href=\"https:\/\/www.embarcadero.com\/de\/\">www.embarcadero.com\/de\/<\/a>[\/vc_column_text][\/vc_column][\/vc_row][vc_row][vc_column css=&#8220;.vc_custom_1691412348067{margin-top: 0px !important;margin-right: 0px !important;margin-bottom: 0px !important;margin-left: 0px !important;border-top-width: 0px !important;border-right-width: 0px !important;border-bottom-width: 0px !important;border-left-width: 0px !important;padding-top: 0px !important;padding-right: 0px !important;padding-bottom: 0px !important;padding-left: 0px !important;}&#8220;][vc_empty_space height=&#8220;20px&#8220; css=&#8220;.vc_custom_1691412301891{margin-top: 0px !important;margin-right: 0px !important;margin-bottom: 0px !important;margin-left: 0px !important;border-top-width: 0px !important;border-right-width: 0px !important;border-bottom-width: 0px !important;border-left-width: 0px !important;padding-top: 0px !important;padding-right: 0px !important;padding-bottom: 0px !important;padding-left: 0px !important;}&#8220;][\/vc_column][\/vc_row][vc_row css=&#8220;.vc_custom_1691412203203{background-color: #f7f7f7 !important;}&#8220;][vc_column width=&#8220;1\/6&#8243;][vc_single_image image=&#8220;623&#8243; img_size=&#8220;medium&#8220; alignment=&#8220;center&#8220; style=&#8220;vc_box_rounded&#8220; onclick=&#8220;custom_link&#8220; img_link_target=&#8220;_blank&#8220; link=&#8220;https:\/\/www.tmssoftware.com\/&#8220;][\/vc_column][vc_column width=&#8220;5\/6&#8243;][vc_column_text]TMS software focuses on software component development for Delphi &amp; C++Builder since 1995. With a main office in Europe and developers around the world, TMS software oversees a wide portfolio of components for Windows, Web and cross platform application development with Delphi or C++Builder. Our VCL, FireMonkey, IntraWeb components range from grids, scheduling components, Excel reporting, diagramming, charts, automatic application updating, scripting, ribbon and many other user interface enhancements for Windows, Mac OS-X, iOS, Android. In addition to component development, we provide consulting &amp; custom application and component development with Delphi and C#.<br \/>\nMore information: <a href=\"https:\/\/www.tmssoftware.com\">www.tmssoftware.com<\/a>[\/vc_column_text][\/vc_column][\/vc_row][vc_row][vc_column css=&#8220;.vc_custom_1691412348067{margin-top: 0px !important;margin-right: 0px !important;margin-bottom: 0px !important;margin-left: 0px !important;border-top-width: 0px !important;border-right-width: 0px !important;border-bottom-width: 0px !important;border-left-width: 0px !important;padding-top: 0px !important;padding-right: 0px !important;padding-bottom: 0px !important;padding-left: 0px !important;}&#8220;][vc_empty_space height=&#8220;20px&#8220; css=&#8220;.vc_custom_1691412301891{margin-top: 0px !important;margin-right: 0px !important;margin-bottom: 0px !important;margin-left: 0px !important;border-top-width: 0px !important;border-right-width: 0px !important;border-bottom-width: 0px !important;border-left-width: 0px !important;padding-top: 0px !important;padding-right: 0px !important;padding-bottom: 0px !important;padding-left: 0px !important;}&#8220;][\/vc_column][\/vc_row][vc_row css=&#8220;.vc_custom_1691412212627{background-color: #f7f7f7 !important;}&#8220;][vc_column width=&#8220;1\/6&#8243;][vc_single_image image=&#8220;1420&#8243; img_size=&#8220;80&#215;60&#8243; alignment=&#8220;center&#8220; style=&#8220;vc_box_rounded&#8220; onclick=&#8220;custom_link&#8220; img_link_target=&#8220;_blank&#8220; link=&#8220;http:\/\/ibexpert.net&#8220;][\/vc_column][vc_column width=&#8220;5\/6&#8243;][vc_column_text]IBExpert Developer Studio ist das derzeit umfassendste GUI-Tool f\u00fcr Firebird und InterBase\u00ae auf dem Markt.<br \/>\nMehr Informationen: <a href=\"https:\/\/ibexpert.net\/\" target=\"_blank\" rel=\"noopener\">www.ibexpert.net<\/a>[\/vc_column_text][\/vc_column][\/vc_row][vc_row][vc_column css=&#8220;.vc_custom_1691412348067{margin-top: 0px !important;margin-right: 0px !important;margin-bottom: 0px !important;margin-left: 0px !important;border-top-width: 0px !important;border-right-width: 0px !important;border-bottom-width: 0px !important;border-left-width: 0px !important;padding-top: 0px !important;padding-right: 0px !important;padding-bottom: 0px !important;padding-left: 0px !important;}&#8220;][vc_empty_space height=&#8220;20px&#8220; css=&#8220;.vc_custom_1691412301891{margin-top: 0px !important;margin-right: 0px !important;margin-bottom: 0px !important;margin-left: 0px !important;border-top-width: 0px !important;border-right-width: 0px !important;border-bottom-width: 0px !important;border-left-width: 0px !important;padding-top: 0px !important;padding-right: 0px !important;padding-bottom: 0px !important;padding-left: 0px !important;}&#8220;][\/vc_column][\/vc_row][vc_row css=&#8220;.vc_custom_1691412223459{background-color: #f7f7f7 !important;}&#8220;][vc_column width=&#8220;1\/6&#8243;][vc_single_image image=&#8220;1504&#8243; img_size=&#8220;medium&#8220; alignment=&#8220;center&#8220; style=&#8220;vc_box_rounded&#8220; onclick=&#8220;custom_link&#8220; img_link_target=&#8220;_blank&#8220; link=&#8220;https:\/\/www.haehnel.de\/&#8220;][vc_column_text]<\/p>\n<h6 style=\"text-align: center;\">Ihre IT-Systeme verdienen die besten H\u00e4nde. Unsere.<\/h6>\n<p>[\/vc_column_text][\/vc_column][vc_column width=&#8220;5\/6&#8243;][vc_column_text]Wenn man dar\u00fcber nachdenkt, die Betreuung seiner IT in externe H\u00e4nde zu geben, m\u00f6chte man wissen, mit wem man es zu tun hat. Das geht Ihnen so und das geht uns so. Zielgerichtete L\u00f6sungskompetenz, zuverl\u00e4ssige Qualit\u00e4t und erstklassige Beratung garantieren unseren Kunden jederzeit optimale L\u00f6sungen und Service.\u00a0Als IT-Unternehmen besitzt H\u00e4hnel eine \u00fcberschaubare, flache Struktur. Das erm\u00f6glicht eine flexible und unkomplizierte Abwicklung aller Projekte mit unseren Kunden und Partnern. Es entspricht unserer Unternehmenskultur, durch eine offene, direkte und zuverl\u00e4ssige Kommunikation unseren Kunden die bestm\u00f6gliche Beratung zu bieten.<\/p>\n<p>Wir spielen unsere St\u00e4rken f\u00fcr Sie aus !<\/p>\n<p>Unser Schwerpunkt ist die IT-Betreuung von Steuerberatungs-, Wirtschaftspr\u00fcfungs- und Rechtsanwalts-Kanzleien, sowie deren Mandanten. Als eingef\u00fchrtes Systemhaus kennen wir die notwendigen Gegebenheiten f\u00fcr solche Strukturen seit der Gr\u00fcndung 1991.<\/p>\n<p>IT ist Vertrauenssache !<br \/>\nMehr Informationen: <a href=\"https:\/\/www.haehnel.de\/\" target=\"_blank\" rel=\"noopener\">haehnel.de<\/a>[\/vc_column_text][\/vc_column][\/vc_row][vc_row][vc_column css=&#8220;.vc_custom_1691412348067{margin-top: 0px !important;margin-right: 0px !important;margin-bottom: 0px !important;margin-left: 0px !important;border-top-width: 0px !important;border-right-width: 0px !important;border-bottom-width: 0px !important;border-left-width: 0px !important;padding-top: 0px !important;padding-right: 0px !important;padding-bottom: 0px !important;padding-left: 0px !important;}&#8220;][vc_empty_space height=&#8220;20px&#8220; css=&#8220;.vc_custom_1691412301891{margin-top: 0px !important;margin-right: 0px !important;margin-bottom: 0px !important;margin-left: 0px !important;border-top-width: 0px !important;border-right-width: 0px !important;border-bottom-width: 0px !important;border-left-width: 0px !important;padding-top: 0px !important;padding-right: 0px !important;padding-bottom: 0px !important;padding-left: 0px !important;}&#8220;][\/vc_column][\/vc_row][vc_row css=&#8220;.vc_custom_1691412223459{background-color: #f7f7f7 !important;}&#8220;][vc_column width=&#8220;1\/6&#8243;][vc_column_text]<span style=\"font-weight: 800;\">Dennis R\u00f6hner<\/span><\/p>\n<p><i><span style=\"font-weight: 400;\">(Herzing Value Investment)<\/span><\/i>[\/vc_column_text][\/vc_column][vc_column width=&#8220;5\/6&#8243;][vc_column_text]<span style=\"font-weight: 400;\">Wir verstehen die Herausforderungen und Bed\u00fcrfnisse inhabergef\u00fchrter Softwareunternehmen und bietet nachhaltige Nachfolge- und Ruhestandsl\u00f6sungen an. Spezialisiert auf den Aufkauf und die operative Weiterf\u00fchrung kleiner Softwarefirmen, gew\u00e4hrleisten wir, dass Ihr Lebenswerk in kompetenten H\u00e4nden weitergef\u00fchrt wird und Produkte und Kundenbeziehungen erhalten bleiben. Besuchen Sie uns bei den Foren-Tagen 2023 und erfahren Sie mehr \u00fcber unsere ma\u00dfgeschneiderten L\u00f6sungen, die nicht nur den Fortbestand, sondern auch die Weiterentwicklung Ihres Unternehmens sicherstellen.<\/span>[\/vc_column_text][\/vc_column][\/vc_row]<\/p>\n","protected":false},"excerpt":{"rendered":"<p>[vc_row][vc_column][vc_column_text] Unsere Sponsoren Die Foren-Tage sind eine Community-Veranstaltung, die ohne Sponsoren nicht realisierbar w\u00e4re. Aus diesem Grund freuen wir uns besonders \u00fcber die unkomplizierte und gro\u00dfz\u00fcgige Unterst\u00fctzung. Wie bereits in den Vorjahren unterst\u00fctzt TMS Software den Community Abend. Die Firma Friedemann H\u00e4hnel GmbH erm\u00f6glicht durch Ihr Sponsoring die verg\u00fcnstigten Sch\u00fcler und Studententickets. IB Experts zeigt [&hellip;]<\/p>\n","protected":false},"author":3,"featured_media":0,"parent":0,"menu_order":500,"comment_status":"closed","ping_status":"closed","template":"","meta":{"_ti_tpc_template_sync":false,"_ti_tpc_template_id":""},"_links":{"self":[{"href":"https:\/\/forentage.de\/index.php?rest_route=\/wp\/v2\/pages\/812"}],"collection":[{"href":"https:\/\/forentage.de\/index.php?rest_route=\/wp\/v2\/pages"}],"about":[{"href":"https:\/\/forentage.de\/index.php?rest_route=\/wp\/v2\/types\/page"}],"author":[{"embeddable":true,"href":"https:\/\/forentage.de\/index.php?rest_route=\/wp\/v2\/users\/3"}],"replies":[{"embeddable":true,"href":"https:\/\/forentage.de\/index.php?rest_route=%2Fwp%2Fv2%2Fcomments&post=812"}],"version-history":[{"count":34,"href":"https:\/\/forentage.de\/index.php?rest_route=\/wp\/v2\/pages\/812\/revisions"}],"predecessor-version":[{"id":1656,"href":"https:\/\/forentage.de\/index.php?rest_route=\/wp\/v2\/pages\/812\/revisions\/1656"}],"wp:attachment":[{"href":"https:\/\/forentage.de\/index.php?rest_route=%2Fwp%2Fv2%2Fmedia&parent=812"}],"curies":[{"name":"wp","href":"https:\/\/api.w.org\/{rel}","templated":true}]}}